{"id":54,"date":"2025-04-07T09:08:30","date_gmt":"2025-04-07T09:08:30","guid":{"rendered":"https:\/\/yonconsulting.com\/index.php\/contact-us-1\/"},"modified":"2026-01-10T08:39:54","modified_gmt":"2026-01-10T08:39:54","slug":"iletisim","status":"publish","type":"page","link":"https:\/\/yonconsulting.com\/index.php\/iletisim\/","title":{"rendered":"\u0130leti\u015fim"},"content":{"rendered":"\n<div class=\"section-wrapper\" data-id=\"x65Fc0\"><section class=\"wp-block-gutenverse-section guten-element guten-section guten-x65Fc0 layout-boxed align-stretch\"><div class=\"guten-container guten-column-gap-no\">\n<div class=\"wp-block-gutenverse-column guten-element guten-column guten-I5YNKj\"><div class=\"guten-column-wrapper\" data-id=\"I5YNKj\">\n<div class=\"wp-block-gutenverse-image guten-element guten-image guten-HyVxFm\"><div class=\"guten-image-wrapper\"><img loading=\"lazy\" decoding=\"async\" class=\"gutenverse-image-box-filled\" src=\"https:\/\/yonconsulting.com\/wp-content\/uploads\/2025\/04\/logo1.png\" height=\"157\" width=\"600\"\/><\/div><\/div>\n<\/div><\/div>\n\n\n\n<div class=\"wp-block-gutenverse-column guten-element guten-column guten-H1QACd\"><div class=\"guten-column-wrapper\" data-id=\"H1QACd\"><div id=\"guten-Pg9TsO\" class=\"guten-element guten-nav-menu nav-menu break-point-tablet submenu-click-title \" data-item-indicator=\"gtn gtn-chevron-down-light\" data-close-on-click=\"1\">\n\t\t\t<div class=\"gutenverse-hamburger-wrapper\">\n\t\t\t\t<button class=\"gutenverse-hamburger-menu\">\n\t\t\t\t\t<i aria-hidden=\"true\" class=\"gtn gtn-bars-solid\"><\/i>\n\t\t\t\t<\/button>\n\t\t\t<\/div>\n\t\t\t\n\t\t\t<div class=\"gutenverse-menu-wrapper\"><div class=\"gutenverse-menu-container\"><ul id=\"menu-1\" class=\"gutenverse-menu\"><li id=\"menu-item-56\" class=\"menu-item menu-item-type-custom menu-item-object-custom menu-item-home menu-item-56\"><a href=\"javascript:void(0);\" data-href=\"https:\/\/yonconsulting.com\/\">Ana Sayfa<\/a><\/li>\n<li id=\"menu-item-66\" class=\"menu-item menu-item-type-custom menu-item-object-custom menu-item-66\"><a href=\"javascript:void(0);\" data-href=\"https:\/\/yonconsulting.com\/index.php\/iletisim\/\">\u0130leti\u015fim<\/a><\/li>\n<\/ul><\/div>\n\t\t\t\t<div>\n\t\t\t\t\t<div class=\"gutenverse-nav-identity-panel\">\n\t\t\t\t\t\t<div class=\"gutenverse-nav-site-title\">\n\t\t\t\t\t\t\t<a href=\"https:\/\/yonconsulting.com\" class=\"gutenverse-nav-logo\"><img decoding=\"async\" src=\"https:\/\/yonconsulting.com\/wp-content\/uploads\/2025\/04\/logo.png\" alt=\"Y\u00f6n Dan\u0131\u015fmanl\u0131k | Consulting - \"><\/a>\n\t\t\t\t\t\t<\/div>\n\t\t\t\t\t\t<button class=\"gutenverse-close-menu\"><i aria-hidden=\"true\" class=\"gtn gtn-times-solid\"><\/i><\/button>\n\t\t\t\t\t<\/div>\n\t\t\t\t<\/div>\n\t\t\t<\/div>\n\t\t<\/div><\/div><\/div>\n\n\n\n<div class=\"wp-block-gutenverse-column guten-element guten-column guten-Us3ICf hide-mobile\"><div class=\"guten-column-wrapper\" data-id=\"Us3ICf\">\n<div class=\"guten-element guten-vj4Mhq guten-icon-box icon-position-left\"><div class=\"guten-icon-box-wrapper hover-from-left\"><div class=\"icon-box icon-box-header\"><div class=\"icon style-color\"><i class=\"fas fa-phone\"><\/i><\/div><\/div><div class=\"icon-box icon-box-body\"><h3 class=\"title\">Bizi Aray\u0131n<\/h3><p class=\"icon-box-description\">+90 (532) 131 07 15<\/p><\/div><\/div><\/div>\n<\/div><\/div>\n<\/div><\/section><\/div>\n\n\n\n<div class=\"section-wrapper\" data-id=\"9PPuUX\"><section class=\"wp-block-gutenverse-section guten-element guten-section guten-9PPuUX layout-fullwidth align-stretch\"><div class=\"guten-container guten-column-gap-no\">\n<div class=\"wp-block-gutenverse-column guten-element guten-column guten-sVPsc9\"><div class=\"guten-column-wrapper\" data-id=\"sVPsc9\">\n<div class=\"section-wrapper\" data-id=\"lCCFg6\"><section class=\"wp-block-gutenverse-section guten-element guten-section guten-lCCFg6 layout-boxed align-stretch\"><div class=\"guten-background-overlay\"><\/div><div class=\"guten-container guten-column-gap-no\">\n<div class=\"wp-block-gutenverse-column guten-element guten-column guten-icU0Ek\"><div class=\"guten-column-wrapper\" data-id=\"icU0Ek\">\n<h1 class=\"wp-block-gutenverse-heading guten-element guten-tnHmKQ\">\u0130leti\u015fim<\/h1>\n\n\n\n<div class=\"guten-element guten-icon-list guten-4Y8Y3u inline-icon-list\">\n<div class=\"guten-element guten-icon-list-item guten-2yIKDT\"><a id=\"guten-2yIKDT\"><span class=\"list-text no-icon\">Home<\/span><\/a><\/div>\n\n\n\n<div class=\"guten-element guten-icon-list-item guten-IUfzwS\"><a id=\"guten-IUfzwS\"><i class=\"fas fa-angle-right\"><\/i><span class=\"list-text \">Contact-1<\/span><\/a><\/div>\n<\/div>\n<\/div><\/div>\n<\/div><\/section><\/div>\n<\/div><\/div>\n<\/div><\/section><\/div>\n\n\n\n<div class=\"section-wrapper\" data-id=\"2cw8B7\"><section class=\"wp-block-gutenverse-section guten-element guten-section guten-2cw8B7 layout-boxed align-stretch\"><div class=\"guten-container guten-column-gap-no\">\n<div class=\"wp-block-gutenverse-column guten-element guten-column guten-Ol0DVU\"><div class=\"guten-column-wrapper\" data-id=\"Ol0DVU\">\n<h2 class=\"wp-block-gutenverse-heading guten-element guten-xVVXx4\">\u0130leti\u015fime Ge\u00e7in<\/h2>\n\n\n\n<div class=\"guten-element gutenverse-text-editor guten-Sw6m2j\"><div class=\"text-content-inner\">\n<p>Sorular\u0131n\u0131z ve dan\u0131\u015fmanl\u0131k ihtiya\u00e7lar\u0131n\u0131z i\u00e7in bizimle ileti\u015fime ge\u00e7in. Ekibimiz size en k\u0131sa s\u00fcrede geri d\u00f6n\u00fc\u015f sa\u011flayacakt\u0131r.<\/p>\n<\/div><\/div>\n\n\n\n<div class=\"guten-element guten-7MwyZd guten-icon-box icon-position-left\"><div class=\"guten-icon-box-wrapper hover-from-left\"><div class=\"icon-box icon-box-header\"><div class=\"icon style-color\"><i class=\"gtn gtn-cityscape-light\"><\/i><\/div><\/div><div class=\"icon-box icon-box-body\"><h3 class=\"title\">\u0130stanbul<\/h3><p class=\"icon-box-description\">Mimar Sinan Mah. \u00d6zge Sk.<br>No: 8 D9 \u00c7ekmek\u00f6y, \u0130stanbul<br><br>+90 (532) 131 07 15<br>info@yonconsulting.com<br><br><\/p><\/div><\/div><\/div>\n<\/div><\/div>\n\n\n\n<div class=\"wp-block-gutenverse-column guten-element guten-column guten-CWslS9\"><div class=\"guten-column-wrapper\" data-id=\"CWslS9\">\n<form style=\"display:none\" class=\"guten-element guten-form-builder guten-TZtAs1\" data-form-id=\"135\">\n<div class=\"section-wrapper\" data-id=\"T3yRVv\"><section class=\"wp-block-gutenverse-section guten-element guten-section guten-T3yRVv layout-boxed align-stretch\"><div class=\"guten-container guten-column-gap-no\">\n<div class=\"wp-block-gutenverse-column guten-element guten-column guten-amnzxN\"><div class=\"guten-column-wrapper\" data-id=\"amnzxN\">\n<div class=\"guten-element guten-form-input-text guten-form-input guten-input-position-top guten-3bX8Ol hide-label hide-helper\"><div class=\"label-wrapper\"><\/div><div class=\"main-wrapper\"><input data-validation=\"{&quot;type&quot;:&quot;text&quot;,&quot;required&quot;:false,&quot;validationType&quot;:&quot;none&quot;,&quot;validationWarning&quot;:&quot;Input Invalid&quot;}\" placeholder=\"Ad\u0131n\u0131z\" name=\"input-text-name\" class=\"gutenverse-input gutenverse-input-text\" type=\"text\"\/><div class=\"validation-error\">Input Invalid<\/div><\/div><\/div>\n<\/div><\/div>\n<\/div><\/section><\/div>\n\n\n\n<div class=\"section-wrapper\" data-id=\"pw8Rvk\"><section class=\"wp-block-gutenverse-section guten-element guten-section guten-pw8Rvk layout-boxed align-stretch\"><div class=\"guten-container guten-column-gap-no\">\n<div class=\"wp-block-gutenverse-column guten-element guten-column guten-3GxRoI\"><div class=\"guten-column-wrapper\" data-id=\"3GxRoI\">\n<div class=\"guten-element guten-form-input-email guten-form-input guten-input-position-top guten-oXyIca hide-label hide-helper\"><div class=\"label-wrapper\"><\/div><div class=\"main-wrapper\"><input data-validation=\"{&quot;type&quot;:&quot;email&quot;,&quot;required&quot;:false,&quot;validationType&quot;:&quot;none&quot;,&quot;validationWarning&quot;:&quot;Input Invalid&quot;}\" placeholder=\"E-Posta Adresiniz\" name=\"input-email\" class=\"gutenverse-input gutenverse-input-email\" type=\"email\"\/><div class=\"validation-error\">Input Invalid<\/div><\/div><\/div>\n<\/div><\/div>\n<\/div><\/section><\/div>\n\n\n\n<div class=\"section-wrapper\" data-id=\"B7tX9Z\"><section class=\"wp-block-gutenverse-section guten-element guten-section guten-B7tX9Z layout-boxed align-stretch\"><div class=\"guten-container guten-column-gap-no\">\n<div class=\"wp-block-gutenverse-column guten-element guten-column guten-Ht9xws\"><div class=\"guten-column-wrapper\" data-id=\"Ht9xws\">\n<div class=\"guten-element guten-form-input-text guten-form-input guten-input-position-top guten-pK01mc hide-label hide-helper\"><div class=\"label-wrapper\"><\/div><div class=\"main-wrapper\"><input data-validation=\"{&quot;type&quot;:&quot;text&quot;,&quot;required&quot;:false,&quot;validationType&quot;:&quot;none&quot;,&quot;validationWarning&quot;:&quot;Input Invalid&quot;}\" placeholder=\"Konu\" name=\"input-text-name\" class=\"gutenverse-input gutenverse-input-text\" type=\"text\"\/><div class=\"validation-error\">Input Invalid<\/div><\/div><\/div>\n<\/div><\/div>\n<\/div><\/section><\/div>\n\n\n\n<div class=\"section-wrapper\" data-id=\"6CKONt\"><section class=\"wp-block-gutenverse-section guten-element guten-section guten-6CKONt layout-boxed align-stretch\"><div class=\"guten-container guten-column-gap-no\">\n<div class=\"wp-block-gutenverse-column guten-element guten-column guten-INnFXv\"><div class=\"guten-column-wrapper\" data-id=\"INnFXv\">\n<div class=\"guten-element guten-form-input-textarea guten-form-input guten-input-position-top guten-aM3jG3 hide-label hide-helper\"><div class=\"label-wrapper\"><\/div><div class=\"main-wrapper\"><textarea data-validation=\"{&quot;type&quot;:&quot;textarea&quot;,&quot;required&quot;:false,&quot;validationType&quot;:&quot;none&quot;,&quot;validationWarning&quot;:&quot;Input Invalid&quot;}\" placeholder=\"Mesaj\u0131n\u0131z\" name=\"input-textarea\" class=\"gutenverse-input gutenverse-input-text\"><\/textarea><div class=\"validation-error\">Input Invalid<\/div><\/div><\/div>\n<\/div><\/div>\n<\/div><\/section><\/div>\n\n\n\n<div class=\"section-wrapper\" data-id=\"bpwsgn\"><section class=\"wp-block-gutenverse-section guten-element guten-section guten-bpwsgn layout-boxed align-stretch\"><div class=\"guten-container guten-column-gap-no\">\n<div class=\"wp-block-gutenverse-column guten-element guten-column guten-rBld6n\"><div class=\"guten-column-wrapper\" data-id=\"rBld6n\">\n<div class=\"guten-element guten-button-wrapper guten-submit-wrapper guten-8fxoMT\"><div class=\"form-notification\"><\/div><button class=\"guten-button gutenverse-input-submit guten-button-sm\" type=\"submit\"><span>MESAJI G\u00d6NDER<\/span><\/button><div class=\"gutenverse-input-submit-loader\"><i class=\"fas fa-spinner fa-spin\"><\/i><\/div><\/div>\n<\/div><\/div>\n<\/div><\/section><\/div>\n<\/form>\n<\/div><\/div>\n<\/div><\/section><\/div>\n\n\n\n<div class=\"section-wrapper\" data-id=\"HrmcEJ\"><section class=\"wp-block-gutenverse-section guten-element guten-section guten-HrmcEJ layout-fullwidth align-stretch\"><div class=\"guten-container guten-column-gap-no\">\n<div class=\"wp-block-gutenverse-column guten-element guten-column guten-q3lgRr\"><div class=\"guten-column-wrapper\" data-id=\"q3lgRr\">\n<div class=\"guten-element gutenverse-maps guten-oGEFfX\"><iframe frameborder=\"0\" scrolling=\"no\" marginheight=\"0\" marginwidth=\"0\" src=\"https:\/\/maps.google.com\/maps?q=Mimar%20Sinan%20Mah.%20%C3%96zge%20Sk.%20No%3A%208%20%C3%87ekmek%C3%B6y%2C%20%C4%B0stanbul&amp;z=17&amp;t=m&amp;output=embed&amp;iwloc=near\" title=\"Mimar Sinan Mah. \u00d6zge Sk. No: 8 \u00c7ekmek\u00f6y, \u0130stanbul\"><\/iframe><\/div>\n<\/div><\/div>\n<\/div><\/section><\/div>\n\n\n\n<div class=\"section-wrapper\" data-id=\"2komDN\"><section class=\"wp-block-gutenverse-section guten-element guten-section guten-2komDN layout-boxed align-stretch\"><div class=\"guten-shape-divider guten-shape-divider-top\"><\/div><div class=\"guten-container guten-column-gap-no\">\n<div class=\"wp-block-gutenverse-column guten-element guten-column guten-ny22d0\"><div class=\"guten-column-wrapper\" data-id=\"ny22d0\">\n<div class=\"section-wrapper\" data-id=\"KdsATQ\"><section class=\"wp-block-gutenverse-section guten-element guten-section guten-KdsATQ layout-boxed align-stretch\"><div class=\"guten-container guten-column-gap-no\">\n<div class=\"wp-block-gutenverse-column guten-element guten-column guten-tesLDN\"><div class=\"guten-column-wrapper\" data-id=\"tesLDN\">\n<div class=\"wp-block-gutenverse-image guten-element guten-image guten-YK5x42\"><div class=\"guten-image-wrapper\"><img loading=\"lazy\" decoding=\"async\" class=\"gutenverse-image-box-filled\" src=\"https:\/\/yonconsulting.com\/wp-content\/uploads\/2025\/04\/logo4.png\" height=\"157\" width=\"600\"\/><\/div><\/div>\n\n\n\n<div class=\"guten-element gutenverse-text-editor guten-DrrAQb\"><div class=\"text-content-inner\">\n<p>Y\u00f6n Dan\u0131\u015fmanl\u0131k, her biri alan\u0131nda uzman m\u00fc\u015favirler ile m\u00fckelleflerine en do\u011fru ve g\u00fcvenilir \u00e7\u00f6z\u00fcmleri sunmaktad\u0131r.<\/p>\n<\/div><\/div>\n\n\n\n<div class=\"guten-element guten-icon-list guten-RM0XVE\">\n<div class=\"guten-element guten-icon-list-item guten-Ubfh49\"><a id=\"guten-Ubfh49\"><i class=\"fas fa-phone\"><\/i><span class=\"list-text \">+90 (850) 885 02 80<\/span><\/a><\/div>\n\n\n\n<div class=\"guten-element guten-icon-list-item guten-nYvcQB\"><a id=\"guten-nYvcQB\"><i class=\"fas fa-map-marker-alt\"><\/i><span class=\"list-text \">Mimar Sinan Mah. \u00d6zge Sk.<br>No: 8 D9 \u00c7ekmek\u00f6y, \u0130stanbul<\/span><\/a><\/div>\n<\/div>\n<\/div><\/div>\n\n\n\n<div class=\"wp-block-gutenverse-column guten-element guten-column guten-twyPW9\"><div class=\"guten-column-wrapper\" data-id=\"twyPW9\">\n<h4 class=\"wp-block-gutenverse-heading guten-element guten-sO3d36\">Y\u00f6n<\/h4>\n\n\n\n<div class=\"guten-element guten-icon-list guten-i6IA0S\">\n<div class=\"guten-element guten-icon-list-item guten-eQhJYV\"><a id=\"guten-eQhJYV\" href=\"#\"><span class=\"list-text no-icon\">Ana Sayfa<\/span><\/a><\/div>\n\n\n\n<div class=\"guten-element guten-icon-list-item guten-GoLOd5\"><a id=\"guten-GoLOd5\" href=\"#\"><span class=\"list-text no-icon\">Hakk\u0131m\u0131zda<\/span><\/a><\/div>\n\n\n\n<div class=\"guten-element guten-icon-list-item guten-FdyBkN\"><a id=\"guten-FdyBkN\" href=\"#\"><span class=\"list-text no-icon\">Hizmetlerimiz<\/span><\/a><\/div>\n\n\n\n<div class=\"guten-element guten-icon-list-item guten-7e8WIC\"><a id=\"guten-7e8WIC\" href=\"#\"><span class=\"list-text no-icon\">Referanslar<\/span><\/a><\/div>\n\n\n\n<div class=\"guten-element guten-icon-list-item guten-Nvf4Am\"><a id=\"guten-Nvf4Am\" href=\"#\"><span class=\"list-text no-icon\">\u0130leti\u015fim<\/span><\/a><\/div>\n<\/div>\n<\/div><\/div>\n\n\n\n<div class=\"wp-block-gutenverse-column guten-element guten-column guten-LeU3u2\"><div class=\"guten-column-wrapper\" data-id=\"LeU3u2\">\n<h4 class=\"wp-block-gutenverse-heading guten-element guten-uaN082\">Ba\u011flant\u0131lar<\/h4>\n\n\n\n<div class=\"guten-element guten-icon-list guten-xS3zIx\">\n<div class=\"guten-element guten-icon-list-item guten-G5yfDe\"><a id=\"guten-G5yfDe\" href=\"https:\/\/gib.gov.tr\/\"><span class=\"list-text no-icon\">G\u0130B<\/span><\/a><\/div>\n\n\n\n<div class=\"guten-element guten-icon-list-item guten-hf48dp\"><a id=\"guten-hf48dp\" href=\"https:\/\/www.ito.org.tr\/\"><span class=\"list-text no-icon\">\u0130TO<\/span><\/a><\/div>\n\n\n\n<div class=\"guten-element guten-icon-list-item guten-eAZiIP\"><a id=\"guten-eAZiIP\" href=\"https:\/\/www.sgk.gov.tr\/\"><span class=\"list-text no-icon\">SGK<\/span><\/a><\/div>\n\n\n\n<div class=\"guten-element guten-icon-list-item guten-bAMM57\"><a id=\"guten-bAMM57\" href=\"https:\/\/www.tcmb.gov.tr\/\"><span class=\"list-text no-icon\">TCMB<\/span><\/a><\/div>\n\n\n\n<div class=\"guten-element guten-icon-list-item guten-kcPVoD\"><a id=\"guten-kcPVoD\" href=\"https:\/\/ismmmo.org.tr\/\"><span class=\"list-text no-icon\">\u0130SMMMO<\/span><\/a><\/div>\n<\/div>\n<\/div><\/div>\n\n\n\n<div class=\"wp-block-gutenverse-column guten-element guten-column guten-RAssi1\"><div class=\"guten-column-wrapper\" data-id=\"RAssi1\">\n<h4 class=\"wp-block-gutenverse-heading guten-element guten-qAjwcF\">\u00c7al\u0131\u015fma Saatleri<\/h4>\n\n\n\n<div class=\"guten-element guten-icon-list guten-32U2T5\">\n<div class=\"guten-element guten-icon-list-item guten-wd1UrW\"><a id=\"guten-wd1UrW\"><i class=\"far fa-clock\"><\/i><span class=\"list-text \">08:00 &#8211; 17:00 \/ Pazartesi &#8211; Cuma<\/span><\/a><\/div>\n<\/div>\n\n\n\n<div class=\"guten-element gutenverse-text-editor guten-b0hamW\"><div class=\"text-content-inner\">\n<p>Alan\u0131nda deneyimli bir m\u00fc\u015favirle hemen \u015fimdi g\u00f6r\u00fc\u015fmeye ba\u015flay\u0131n.<\/p>\n<\/div><\/div>\n\n\n\n<div class=\"guten-element guten-button-wrapper guten-vi0EeJ\"><a class=\"guten-button guten-button-sm\" href=\"tel:+908508850280\"><span>B\u0130Z\u0130 ARAYIN<\/span><\/a><\/div>\n<\/div><\/div>\n<\/div><\/section><\/div>\n\n\n\n<div class=\"wp-block-gutenverse-divider guten-element guten-divider guten-azjT0Z\"><div class=\"guten-divider-wrapper\"><div class=\"guten-divider-default guten-divider-line guten-divider-regular\"><\/div><\/div><\/div>\n\n\n\n<div class=\"section-wrapper\" data-id=\"dnc1OC\"><section class=\"wp-block-gutenverse-section guten-element guten-section guten-dnc1OC layout-boxed align-stretch\"><div class=\"guten-container guten-column-gap-no\">\n<div class=\"wp-block-gutenverse-column guten-element guten-column guten-xpw1eN\"><div class=\"guten-column-wrapper\" data-id=\"xpw1eN\">\n<div class=\"guten-element gutenverse-text-editor guten-ZVsZIs\"><div class=\"text-content-inner\">\n<p><\/p>\n<\/div><\/div>\n<\/div><\/div>\n\n\n\n<div class=\"wp-block-gutenverse-column guten-element guten-column guten-wePsnC\"><div class=\"guten-column-wrapper\" data-id=\"wePsnC\">\n<div class=\"guten-element gutenverse-text-editor guten-OSD6AJ\"><div class=\"text-content-inner\">\n<p>Copyright \u00a9 2025. All Rights Reserved.<\/p>\n<\/div><\/div>\n<\/div><\/div>\n<\/div><\/section><\/div>\n<\/div><\/div>\n<\/div><\/section><\/div>\n","protected":false},"excerpt":{"rendered":"","protected":false},"author":1,"featured_media":0,"parent":0,"menu_order":0,"comment_status":"closed","ping_status":"closed","template":"blank-canvas","meta":{"footnotes":""},"class_list":["post-54","page","type-page","status-publish","hentry"],"_links":{"self":[{"href":"https:\/\/yonconsulting.com\/index.php\/wp-json\/wp\/v2\/pages\/54","targetHints":{"allow":["GET"]}}],"collection":[{"href":"https:\/\/yonconsulting.com\/index.php\/wp-json\/wp\/v2\/pages"}],"about":[{"href":"https:\/\/yonconsulting.com\/index.php\/wp-json\/wp\/v2\/types\/page"}],"author":[{"embeddable":true,"href":"https:\/\/yonconsulting.com\/index.php\/wp-json\/wp\/v2\/users\/1"}],"replies":[{"embeddable":true,"href":"https:\/\/yonconsulting.com\/index.php\/wp-json\/wp\/v2\/comments?post=54"}],"version-history":[{"count":9,"href":"https:\/\/yonconsulting.com\/index.php\/wp-json\/wp\/v2\/pages\/54\/revisions"}],"predecessor-version":[{"id":253,"href":"https:\/\/yonconsulting.com\/index.php\/wp-json\/wp\/v2\/pages\/54\/revisions\/253"}],"wp:attachment":[{"href":"https:\/\/yonconsulting.com\/index.php\/wp-json\/wp\/v2\/media?parent=54"}],"curies":[{"name":"wp","href":"https:\/\/api.w.org\/{rel}","templated":true}]}}